{"id":2844,"date":"2016-03-24T12:57:35","date_gmt":"2016-03-24T12:57:35","guid":{"rendered":"https:\/\/electro.madrasthemes.com\/?page_id=2844"},"modified":"2016-03-24T12:57:35","modified_gmt":"2016-03-24T12:57:35","slug":"store-directory","status":"publish","type":"page","link":"http:\/\/www.myprobyte.com\/index.php\/store-directory\/","title":{"rendered":"Store Directory"},"content":{"rendered":"\t\t<div class=\"electro-store-directory clearfix\">\n\t\t\t<hr class=\"no-margin\">\n\t\t\t<div class=\"widget woocommerce widget_product_categories\"><h2 class=\"widgettitle\">\u00dcr\u00fcn kategorileri<\/h2><ul class=\"product-categories\"><li class=\"cat-item cat-item-261 cat-parent\"><a href=\"http:\/\/www.myprobyte.com\/index.php\/product-category\/1-din-mp3-player\/\">1 DIN Mp3 Player<\/a><ul class='children'>\n<li class=\"cat-item cat-item-264\"><a href=\"http:\/\/www.myprobyte.com\/index.php\/product-category\/1-din-mp3-player\/1-din-in-dash\/\">1 DIN In-Dash<\/a><\/li>\n<li class=\"cat-item cat-item-263\"><a href=\"http:\/\/www.myprobyte.com\/index.php\/product-category\/1-din-mp3-player\/cd-player\/\">CD Player<\/a><\/li>\n<li class=\"cat-item cat-item-262\"><a href=\"http:\/\/www.myprobyte.com\/index.php\/product-category\/1-din-mp3-player\/deckless-mp3-player\/\">Deckless Mp3 Player<\/a><\/li>\n<\/ul>\n<\/li>\n<li class=\"cat-item cat-item-287 cat-parent\"><a href=\"http:\/\/www.myprobyte.com\/index.php\/product-category\/aksesuarlar\/\">Aksesuarlar<\/a><ul class='children'>\n<li class=\"cat-item cat-item-289\"><a href=\"http:\/\/www.myprobyte.com\/index.php\/product-category\/aksesuarlar\/arac-dvr-kayit-cihazi\/\">Ara\u00e7 DVR Kay\u0131t Cihaz\u0131<\/a><\/li>\n<li class=\"cat-item cat-item-292\"><a href=\"http:\/\/www.myprobyte.com\/index.php\/product-category\/aksesuarlar\/ayna\/\">Ayna<\/a><\/li>\n<li class=\"cat-item cat-item-293\"><a href=\"http:\/\/www.myprobyte.com\/index.php\/product-category\/aksesuarlar\/bluetooth-kit\/\">Bluetooth Kit<\/a><\/li>\n<li class=\"cat-item cat-item-291\"><a href=\"http:\/\/www.myprobyte.com\/index.php\/product-category\/aksesuarlar\/led-ampul\/\">LED Ampul<\/a><\/li>\n<li class=\"cat-item cat-item-294\"><a href=\"http:\/\/www.myprobyte.com\/index.php\/product-category\/aksesuarlar\/park-sensoru\/\">Park Sens\u00f6r\u00fc<\/a><\/li>\n<li class=\"cat-item cat-item-290\"><a href=\"http:\/\/www.myprobyte.com\/index.php\/product-category\/aksesuarlar\/sis-fari\/\">Sis Far\u0131<\/a><\/li>\n<li class=\"cat-item cat-item-288\"><a href=\"http:\/\/www.myprobyte.com\/index.php\/product-category\/aksesuarlar\/yagmur-far-sensoru\/\">Ya\u011fmur Far Sens\u00f6r\u00fc<\/a><\/li>\n<\/ul>\n<\/li>\n<li class=\"cat-item cat-item-270 cat-parent\"><a href=\"http:\/\/www.myprobyte.com\/index.php\/product-category\/bagaj-acma-sistemleri\/\">Bagaj A\u00e7ma Sistemleri<\/a><ul class='children'>\n<li class=\"cat-item cat-item-272\"><a href=\"http:\/\/www.myprobyte.com\/index.php\/product-category\/bagaj-acma-sistemleri\/bagaj-acma-ayak-sensoru\/\">Bagaj A\u00e7ma Ayak Sens\u00f6r\u00fc<\/a><\/li>\n<li class=\"cat-item cat-item-271\"><a href=\"http:\/\/www.myprobyte.com\/index.php\/product-category\/bagaj-acma-sistemleri\/bagaj-acma-sistemi\/\">Bagaj A\u00e7ma Sistemi<\/a><\/li>\n<\/ul>\n<\/li>\n<li class=\"cat-item cat-item-265 cat-parent\"><a href=\"http:\/\/www.myprobyte.com\/index.php\/product-category\/interface\/\">Interface<\/a><ul class='children'>\n<li class=\"cat-item cat-item-266\"><a href=\"http:\/\/www.myprobyte.com\/index.php\/product-category\/interface\/android-interface\/\">Android Interface<\/a><\/li>\n<li class=\"cat-item cat-item-267\"><a href=\"http:\/\/www.myprobyte.com\/index.php\/product-category\/interface\/kamera-interface\/\">Kamera Interface<\/a><\/li>\n<\/ul>\n<\/li>\n<li class=\"cat-item cat-item-268 cat-parent\"><a href=\"http:\/\/www.myprobyte.com\/index.php\/product-category\/kameralar\/\">Kameralar<\/a><ul class='children'>\n<li class=\"cat-item cat-item-269\"><a href=\"http:\/\/www.myprobyte.com\/index.php\/product-category\/kameralar\/oem-kamera\/\">OEM Kamera<\/a><\/li>\n<\/ul>\n<\/li>\n<li class=\"cat-item cat-item-280 cat-parent\"><a href=\"http:\/\/www.myprobyte.com\/index.php\/product-category\/kapi-vakum-sistemleri\/\">Kap\u0131 Vakum Sistemleri<\/a><ul class='children'>\n<li class=\"cat-item cat-item-281\"><a href=\"http:\/\/www.myprobyte.com\/index.php\/product-category\/kapi-vakum-sistemleri\/audi-kapi-vakum-sistemleri\/\">Audi<\/a><\/li>\n<li class=\"cat-item cat-item-282\"><a href=\"http:\/\/www.myprobyte.com\/index.php\/product-category\/kapi-vakum-sistemleri\/bmw-kapi-vakum-sistemleri\/\">BMW<\/a><\/li>\n<li class=\"cat-item cat-item-283\"><a href=\"http:\/\/www.myprobyte.com\/index.php\/product-category\/kapi-vakum-sistemleri\/mercedes-kapi-vakum-sistemleri\/\">Mercedes<\/a><\/li>\n<li class=\"cat-item cat-item-285\"><a href=\"http:\/\/www.myprobyte.com\/index.php\/product-category\/kapi-vakum-sistemleri\/porsche-kapi-vakum-sistemleri\/\">Porsche<\/a><\/li>\n<li class=\"cat-item cat-item-284\"><a href=\"http:\/\/www.myprobyte.com\/index.php\/product-category\/kapi-vakum-sistemleri\/skoda-kapi-vakum-sistemleri\/\">Skoda<\/a><\/li>\n<li class=\"cat-item cat-item-286\"><a href=\"http:\/\/www.myprobyte.com\/index.php\/product-category\/kapi-vakum-sistemleri\/volkswagen-kapi-vakum-sistemleri\/\">Volkswagen<\/a><\/li>\n<\/ul>\n<\/li>\n<li class=\"cat-item cat-item-276 cat-parent\"><a href=\"http:\/\/www.myprobyte.com\/index.php\/product-category\/monitorler\/\">Monit\u00f6rler<\/a><ul class='children'>\n<li class=\"cat-item cat-item-277 cat-parent\"><a href=\"http:\/\/www.myprobyte.com\/index.php\/product-category\/monitorler\/kafalik-monitoru\/\">Kafal\u0131k Monit\u00f6r\u00fc<\/a>\t<ul class='children'>\n<li class=\"cat-item cat-item-340\"><a href=\"http:\/\/www.myprobyte.com\/index.php\/product-category\/monitorler\/kafalik-monitoru\/universalmon\/\">Universal<\/a><\/li>\n\t<\/ul>\n<\/li>\n<li class=\"cat-item cat-item-279\"><a href=\"http:\/\/www.myprobyte.com\/index.php\/product-category\/monitorler\/resim-cercevesi\/\">Resim \u00c7er\u00e7evesi<\/a><\/li>\n<\/ul>\n<\/li>\n<li class=\"cat-item cat-item-226 cat-parent\"><a href=\"http:\/\/www.myprobyte.com\/index.php\/product-category\/multimedya\/\">Multimedya<\/a><ul class='children'>\n<li class=\"cat-item cat-item-231\"><a href=\"http:\/\/www.myprobyte.com\/index.php\/product-category\/multimedya\/audi\/\">Audi<\/a><\/li>\n<li class=\"cat-item cat-item-232\"><a href=\"http:\/\/www.myprobyte.com\/index.php\/product-category\/multimedya\/bmc\/\">Bmc<\/a><\/li>\n<li class=\"cat-item cat-item-227 cat-parent\"><a href=\"http:\/\/www.myprobyte.com\/index.php\/product-category\/multimedya\/bmw\/\">BMW<\/a>\t<ul class='children'>\n<li class=\"cat-item cat-item-228\"><a href=\"http:\/\/www.myprobyte.com\/index.php\/product-category\/multimedya\/bmw\/1-serisi\/\">1 Serisi<\/a><\/li>\n\t<\/ul>\n<\/li>\n<li class=\"cat-item cat-item-229\"><a href=\"http:\/\/www.myprobyte.com\/index.php\/product-category\/multimedya\/cerceveler\/\">\u00c7er\u00e7eveler<\/a><\/li>\n<li class=\"cat-item cat-item-233\"><a href=\"http:\/\/www.myprobyte.com\/index.php\/product-category\/multimedya\/chevrolet\/\">Chevrolet<\/a><\/li>\n<li class=\"cat-item cat-item-234\"><a href=\"http:\/\/www.myprobyte.com\/index.php\/product-category\/multimedya\/citroen\/\">Citroen<\/a><\/li>\n<li class=\"cat-item cat-item-235\"><a href=\"http:\/\/www.myprobyte.com\/index.php\/product-category\/multimedya\/dacia\/\">Dacia<\/a><\/li>\n<li class=\"cat-item cat-item-236\"><a href=\"http:\/\/www.myprobyte.com\/index.php\/product-category\/multimedya\/fiat\/\">Fiat<\/a><\/li>\n<li class=\"cat-item cat-item-237\"><a href=\"http:\/\/www.myprobyte.com\/index.php\/product-category\/multimedya\/ford\/\">Ford<\/a><\/li>\n<li class=\"cat-item cat-item-238\"><a href=\"http:\/\/www.myprobyte.com\/index.php\/product-category\/multimedya\/honda\/\">Honda<\/a><\/li>\n<li class=\"cat-item cat-item-239\"><a href=\"http:\/\/www.myprobyte.com\/index.php\/product-category\/multimedya\/hyundai\/\">Hyundai<\/a><\/li>\n<li class=\"cat-item cat-item-240\"><a href=\"http:\/\/www.myprobyte.com\/index.php\/product-category\/multimedya\/isuzu\/\">Isuzu<\/a><\/li>\n<li class=\"cat-item cat-item-241\"><a href=\"http:\/\/www.myprobyte.com\/index.php\/product-category\/multimedya\/jeep\/\">Jeep<\/a><\/li>\n<li class=\"cat-item cat-item-242\"><a href=\"http:\/\/www.myprobyte.com\/index.php\/product-category\/multimedya\/kia\/\">Kia<\/a><\/li>\n<li class=\"cat-item cat-item-243\"><a href=\"http:\/\/www.myprobyte.com\/index.php\/product-category\/multimedya\/mazda\/\">Mazda<\/a><\/li>\n<li class=\"cat-item cat-item-244\"><a href=\"http:\/\/www.myprobyte.com\/index.php\/product-category\/multimedya\/mercedes\/\">Mercedes<\/a><\/li>\n<li class=\"cat-item cat-item-246\"><a href=\"http:\/\/www.myprobyte.com\/index.php\/product-category\/multimedya\/mini\/\">Mini<\/a><\/li>\n<li class=\"cat-item cat-item-245\"><a href=\"http:\/\/www.myprobyte.com\/index.php\/product-category\/multimedya\/mitsubishi\/\">Mitsubishi<\/a><\/li>\n<li class=\"cat-item cat-item-247\"><a href=\"http:\/\/www.myprobyte.com\/index.php\/product-category\/multimedya\/nissan\/\">Nissan<\/a><\/li>\n<li class=\"cat-item cat-item-248\"><a href=\"http:\/\/www.myprobyte.com\/index.php\/product-category\/multimedya\/opel\/\">Opel<\/a><\/li>\n<li class=\"cat-item cat-item-249\"><a href=\"http:\/\/www.myprobyte.com\/index.php\/product-category\/multimedya\/peugeot\/\">Peugeot<\/a><\/li>\n<li class=\"cat-item cat-item-250\"><a href=\"http:\/\/www.myprobyte.com\/index.php\/product-category\/multimedya\/porsche\/\">Porsche<\/a><\/li>\n<li class=\"cat-item cat-item-251\"><a href=\"http:\/\/www.myprobyte.com\/index.php\/product-category\/multimedya\/renault\/\">Renault<\/a><\/li>\n<li class=\"cat-item cat-item-252\"><a href=\"http:\/\/www.myprobyte.com\/index.php\/product-category\/multimedya\/seat\/\">Seat<\/a><\/li>\n<li class=\"cat-item cat-item-253\"><a href=\"http:\/\/www.myprobyte.com\/index.php\/product-category\/multimedya\/skoda\/\">Skoda<\/a><\/li>\n<li class=\"cat-item cat-item-254\"><a href=\"http:\/\/www.myprobyte.com\/index.php\/product-category\/multimedya\/ssangyong\/\">Ssangyong<\/a><\/li>\n<li class=\"cat-item cat-item-255\"><a href=\"http:\/\/www.myprobyte.com\/index.php\/product-category\/multimedya\/subaru\/\">Subaru<\/a><\/li>\n<li class=\"cat-item cat-item-256\"><a href=\"http:\/\/www.myprobyte.com\/index.php\/product-category\/multimedya\/suzuki\/\">Suzuki<\/a><\/li>\n<li class=\"cat-item cat-item-257\"><a href=\"http:\/\/www.myprobyte.com\/index.php\/product-category\/multimedya\/toyota\/\">Toyota<\/a><\/li>\n<li class=\"cat-item cat-item-230\"><a href=\"http:\/\/www.myprobyte.com\/index.php\/product-category\/multimedya\/universal\/\">Universal<\/a><\/li>\n<li class=\"cat-item cat-item-258\"><a href=\"http:\/\/www.myprobyte.com\/index.php\/product-category\/multimedya\/volkswagen\/\">Volkswagen<\/a><\/li>\n<li class=\"cat-item cat-item-259\"><a href=\"http:\/\/www.myprobyte.com\/index.php\/product-category\/multimedya\/volvo\/\">Volvo<\/a><\/li>\n<\/ul>\n<\/li>\n<li class=\"cat-item cat-item-295 cat-parent\"><a href=\"http:\/\/www.myprobyte.com\/index.php\/product-category\/pdlc-film\/\">PDLC film<\/a><ul class='children'>\n<li class=\"cat-item cat-item-296\"><a href=\"http:\/\/www.myprobyte.com\/index.php\/product-category\/pdlc-film\/dual-zone\/\">Dual Zone<\/a><\/li>\n<li class=\"cat-item cat-item-298\"><a href=\"http:\/\/www.myprobyte.com\/index.php\/product-category\/pdlc-film\/multiple-zone\/\">Multiple Zone<\/a><\/li>\n<li class=\"cat-item cat-item-297\"><a href=\"http:\/\/www.myprobyte.com\/index.php\/product-category\/pdlc-film\/single-zone\/\">Single Zone<\/a><\/li>\n<\/ul>\n<\/li>\n<li class=\"cat-item cat-item-15\"><a href=\"http:\/\/www.myprobyte.com\/index.php\/product-category\/uncategorized\/\">Uncategorized<\/a><\/li>\n<li class=\"cat-item cat-item-273 cat-parent\"><a href=\"http:\/\/www.myprobyte.com\/index.php\/product-category\/wireless-charger\/\">Wireless Charger<\/a><ul class='children'>\n<li class=\"cat-item cat-item-274\"><a href=\"http:\/\/www.myprobyte.com\/index.php\/product-category\/wireless-charger\/renault-wireless-charger\/\">Renault<\/a><\/li>\n<li class=\"cat-item cat-item-275\"><a href=\"http:\/\/www.myprobyte.com\/index.php\/product-category\/wireless-charger\/toyota-wireless-charger\/\">Toyota<\/a><\/li>\n<\/ul>\n<\/li>\n<\/ul><\/div>\t\t<\/div>\n\t\t\n","protected":false},"excerpt":{"rendered":"\u00dcr\u00fcn kategorileri1 DIN Mp3 Player 1 DIN In-Dash CD Player Deckless Mp3 Player Aksesuarlar Ara\u00e7 DVR Kay\u0131t Cihaz\u0131 Ayna Bluetooth Kit LED Ampul Park Sens\u00f6r\u00fc Sis Far\u0131 Ya\u011fmur Far Sens\u00f6r\u00fc","protected":false},"author":1,"featured_media":0,"parent":0,"menu_order":0,"comment_status":"closed","ping_status":"closed","template":"","meta":{"_acf_changed":false,"footnotes":""},"class_list":["post-2844","page","type-page","status-publish","hentry"],"acf":[],"_links":{"self":[{"href":"http:\/\/www.myprobyte.com\/index.php\/wp-json\/wp\/v2\/pages\/2844","targetHints":{"allow":["GET"]}}],"collection":[{"href":"http:\/\/www.myprobyte.com\/index.php\/wp-json\/wp\/v2\/pages"}],"about":[{"href":"http:\/\/www.myprobyte.com\/index.php\/wp-json\/wp\/v2\/types\/page"}],"author":[{"embeddable":true,"href":"http:\/\/www.myprobyte.com\/index.php\/wp-json\/wp\/v2\/users\/1"}],"replies":[{"embeddable":true,"href":"http:\/\/www.myprobyte.com\/index.php\/wp-json\/wp\/v2\/comments?post=2844"}],"version-history":[{"count":0,"href":"http:\/\/www.myprobyte.com\/index.php\/wp-json\/wp\/v2\/pages\/2844\/revisions"}],"wp:attachment":[{"href":"http:\/\/www.myprobyte.com\/index.php\/wp-json\/wp\/v2\/media?parent=2844"}],"curies":[{"name":"wp","href":"https:\/\/api.w.org\/{rel}","templated":true}]}}