{"id":5352,"date":"2025-07-24T12:39:10","date_gmt":"2025-07-24T12:39:10","guid":{"rendered":"http:\/\/www.myprobyte.com\/?page_id=5352"},"modified":"2025-07-24T12:40:00","modified_gmt":"2025-07-24T12:40:00","slug":"banka-hesap-bilgilerimiz","status":"publish","type":"page","link":"http:\/\/www.myprobyte.com\/index.php\/banka-hesap-bilgilerimiz\/","title":{"rendered":"Banka Hesap Bilgilerimiz"},"content":{"rendered":"\t\t<div data-elementor-type=\"wp-page\" data-elementor-id=\"5352\" class=\"elementor elementor-5352\" wpc-filter-elementor-widget=\"1\">\n\t\t\t\t<div class=\"elementor-element elementor-element-0a2cc84 e-flex e-con-boxed e-con e-parent\" data-id=\"0a2cc84\" data-element_type=\"container\" data-e-type=\"container\">\n\t\t\t\t\t<div class=\"e-con-inner\">\n\t\t\t\t<div class=\"elementor-element elementor-element-9b09a04 elementor-widget elementor-widget-text-editor\" data-id=\"9b09a04\" data-element_type=\"widget\" data-e-type=\"widget\" data-widget_type=\"text-editor.default\">\n\t\t\t\t\t\t\t\t\t<p data-start=\"298\" data-end=\"472\"><span>Banka havalesi yoluyla yap\u0131lan \u00f6demeler i\u00e7in l\u00fctfen banka hesap bilgilerimizi a\u015fa\u011f\u0131da bulabilirsiniz.<\/span><br data-start=\"377\" data-end=\"380\" \/><span>T\u00fcm havalelerde \u00f6deme a\u00e7\u0131klamas\u0131nda \u015firket ad\u0131n\u0131z veya fatura numaran\u0131z yer almal\u0131d\u0131r.<\/span><\/p><p data-start=\"474\" data-end=\"621\"><strong data-start=\"474\" data-end=\"488\"><span>Banka Ad\u0131: Ziraat Bankas\u0131<\/span><\/strong><br data-start=\"511\" data-end=\"514\" \/><strong data-start=\"514\" data-end=\"533\"><span>Hesap Sahibi:<\/span><\/strong><span>\u00a0Alfatecs Limited A.\u015e.<\/span><br data-start=\"553\" data-end=\"556\" \/><strong data-start=\"556\" data-end=\"565\"><span>IBAN:<\/span><\/strong><span>\u00a0TR43 0066 0634 4544<\/span><br data-start=\"586\" data-end=\"589\" \/><strong data-start=\"589\" data-end=\"602\"><span>Para Birimi:<\/span><\/strong><span>\u00a0T\u00fcrk Liras\u0131 (TRY)<\/span><\/p><p data-start=\"623\" data-end=\"700\"><span>Daha fazla yard\u0131ma ihtiyac\u0131n\u0131z varsa l\u00fctfen alfatecs@gmail.com adresinden bizimle ileti\u015fime ge\u00e7in.<\/span><\/p>\t\t\t\t\t\t\t\t<\/div>\n\t\t\t\t\t<\/div>\n\t\t\t\t<\/div>\n\t\t\t\t<\/div>\n\t\t","protected":false},"excerpt":{"rendered":"<p>Banka havalesi yoluyla yap\u0131lan \u00f6demeler i\u00e7in l\u00fctfen banka hesap bilgilerimizi a\u015fa\u011f\u0131da bulabilirsiniz.T\u00fcm havalelerde \u00f6deme a\u00e7\u0131klamas\u0131nda \u015firket ad\u0131n\u0131z veya fatura numaran\u0131z yer almal\u0131d\u0131r. Banka Ad\u0131: Ziraat Bankas\u0131Hesap Sahibi:\u00a0Alfatecs Limited A.\u015e.IBAN:\u00a0TR43 0066<\/p>\n","protected":false},"author":2,"featured_media":0,"parent":0,"menu_order":0,"comment_status":"closed","ping_status":"closed","template":"","meta":{"_acf_changed":false,"footnotes":""},"class_list":["post-5352","page","type-page","status-publish","hentry"],"acf":[],"_links":{"self":[{"href":"http:\/\/www.myprobyte.com\/index.php\/wp-json\/wp\/v2\/pages\/5352","targetHints":{"allow":["GET"]}}],"collection":[{"href":"http:\/\/www.myprobyte.com\/index.php\/wp-json\/wp\/v2\/pages"}],"about":[{"href":"http:\/\/www.myprobyte.com\/index.php\/wp-json\/wp\/v2\/types\/page"}],"author":[{"embeddable":true,"href":"http:\/\/www.myprobyte.com\/index.php\/wp-json\/wp\/v2\/users\/2"}],"replies":[{"embeddable":true,"href":"http:\/\/www.myprobyte.com\/index.php\/wp-json\/wp\/v2\/comments?post=5352"}],"version-history":[{"count":4,"href":"http:\/\/www.myprobyte.com\/index.php\/wp-json\/wp\/v2\/pages\/5352\/revisions"}],"predecessor-version":[{"id":5356,"href":"http:\/\/www.myprobyte.com\/index.php\/wp-json\/wp\/v2\/pages\/5352\/revisions\/5356"}],"wp:attachment":[{"href":"http:\/\/www.myprobyte.com\/index.php\/wp-json\/wp\/v2\/media?parent=5352"}],"curies":[{"name":"wp","href":"https:\/\/api.w.org\/{rel}","templated":true}]}}